{"id":280,"date":"2023-09-29T22:44:45","date_gmt":"2023-09-29T22:44:45","guid":{"rendered":"https:\/\/merposur.com\/?page_id=280"},"modified":"2023-09-30T00:18:46","modified_gmt":"2023-09-30T00:18:46","slug":"1er-piso","status":"publish","type":"page","link":"https:\/\/merposur.com\/index.php\/1er-piso\/","title":{"rendered":"1er Piso"},"content":{"rendered":"<p>[et_pb_section fb_built=&#8221;1&#8243; _builder_version=&#8221;4.21.0&#8243; _module_preset=&#8221;default&#8221; global_colors_info=&#8221;{}&#8221;][et_pb_row _builder_version=&#8221;4.21.0&#8243; _module_preset=&#8221;default&#8221; global_colors_info=&#8221;{}&#8221;][et_pb_column type=&#8221;4_4&#8243; _builder_version=&#8221;4.21.0&#8243; _module_preset=&#8221;default&#8221; global_colors_info=&#8221;{}&#8221;][et_pb_text _builder_version=&#8221;4.21.0&#8243; _module_preset=&#8221;default&#8221; header_font_size=&#8221;65px&#8221; width=&#8221;100%&#8221; max_width=&#8221;100%&#8221; custom_margin=&#8221;106px||139px||false|false&#8221; hover_enabled=&#8221;0&#8243; header_font_size_tablet=&#8221;65px&#8221; header_font_size_phone=&#8221;21px&#8221; header_font_size_last_edited=&#8221;on|phone&#8221; global_colors_info=&#8221;{}&#8221; sticky_enabled=&#8221;0&#8243;]<\/p>\n<h1 style=\"text-align: center;\"><strong>PAG\u00cdNA EN MANTENIMIENTO <\/strong><\/h1>\n<h1 style=\"text-align: center;\">ESTAMOS TRABAJANDO PARA T\u00cd<\/h1>\n<p>[\/et_pb_text][\/et_pb_column][\/et_pb_row][\/et_pb_section][et_pb_section fb_built=&#8221;1&#8243; admin_label=&#8221;Footer&#8221; _builder_version=&#8221;4.21.0&#8243; _module_preset=&#8221;default&#8221; background_color=&#8221;#000000&#8243; min_height=&#8221;481.6px&#8221; custom_padding=&#8221;||0px|||&#8221; saved_tabs=&#8221;all&#8221; locked=&#8221;off&#8221; collapsed=&#8221;on&#8221; global_colors_info=&#8221;{}&#8221;][et_pb_row column_structure=&#8221;1_2,1_2&#8243; _builder_version=&#8221;4.22.0&#8243; _module_preset=&#8221;default&#8221; global_colors_info=&#8221;{}&#8221;][et_pb_column type=&#8221;1_2&#8243; _builder_version=&#8221;4.22.0&#8243; _module_preset=&#8221;default&#8221; global_colors_info=&#8221;{}&#8221;][et_pb_image src=&#8221;http:\/\/merposur.com\/wp-content\/uploads\/2023\/09\/LOGO-MERPOSUR-4.png&#8221; title_text=&#8221;LOGO MERPOSUR (4)&#8221; _builder_version=&#8221;4.21.0&#8243; _module_preset=&#8221;default&#8221; width=&#8221;40%&#8221; global_colors_info=&#8221;{}&#8221;][\/et_pb_image][et_pb_text _builder_version=&#8221;4.21.0&#8243; _module_preset=&#8221;08490798-22b6-4d00-917b-0a0fd935c38f&#8221; text_text_color=&#8221;#FFFFFF&#8221; header_6_text_color=&#8221;#FFFFFF&#8221; custom_margin=&#8221;||0px||false|false&#8221; global_colors_info=&#8221;{}&#8221;]<\/p>\n<h6>Email<\/h6>\n<p>[\/et_pb_text][et_pb_text _builder_version=&#8221;4.21.0&#8243; _module_preset=&#8221;351706b6-036f-4ec3-bb21-12b8e66b423f&#8221; link_text_color=&#8221;gcid-a13652f3-2793-4cb6-9d99-526eb1549d6a&#8221; header_text_color=&#8221;#fcb02f&#8221; header_5_text_color=&#8221;#fcb02f&#8221; global_colors_info=&#8221;{%22gcid-a13652f3-2793-4cb6-9d99-526eb1549d6a%22:%91%22link_text_color%22%93}&#8221;]<\/p>\n<h5>Arguinzonescorp@yahoo.com<\/h5>\n<p>[\/et_pb_text][et_pb_text _builder_version=&#8221;4.21.0&#8243; _module_preset=&#8221;08490798-22b6-4d00-917b-0a0fd935c38f&#8221; header_6_text_color=&#8221;#FFFFFF&#8221; custom_margin=&#8221;||0px||false|false&#8221; global_colors_info=&#8221;{}&#8221;]<\/p>\n<h6>Phone<\/h6>\n<p>[\/et_pb_text][et_pb_text _builder_version=&#8221;4.22.0&#8243; _module_preset=&#8221;be95d0b1-45ff-4680-93b5-1e503cca4599&#8243; text_text_color=&#8221;gcid-a13652f3-2793-4cb6-9d99-526eb1549d6a&#8221; link_text_color=&#8221;gcid-a13652f3-2793-4cb6-9d99-526eb1549d6a&#8221; global_colors_info=&#8221;{%22gcid-a13652f3-2793-4cb6-9d99-526eb1549d6a%22:%91%22link_text_color%22,%22text_text_color%22%93}&#8221;]<\/p>\n<p>(255) 352-6258<\/p>\n<p>[\/et_pb_text][et_pb_text _builder_version=&#8221;4.21.0&#8243; _module_preset=&#8221;08490798-22b6-4d00-917b-0a0fd935c38f&#8221; link_text_color=&#8221;gcid-a13652f3-2793-4cb6-9d99-526eb1549d6a&#8221; header_text_color=&#8221;#fcb02f&#8221; header_5_text_color=&#8221;#fcb02f&#8221; header_6_text_color=&#8221;#FFFFFF&#8221; custom_margin=&#8221;||-3px|||&#8221; custom_padding=&#8221;||0px|||&#8221; global_colors_info=&#8221;{%22gcid-a13652f3-2793-4cb6-9d99-526eb1549d6a%22:%91%22link_text_color%22%93}&#8221; link_text_color__hover=&#8221;#FCB02F&#8221; link_text_color__hover_enabled=&#8221;on|hover&#8221;]<\/p>\n<h6>DIRECCI\u00d3N<\/h6>\n<p>[\/et_pb_text][et_pb_text _builder_version=&#8221;4.21.0&#8243; _module_preset=&#8221;be95d0b1-45ff-4680-93b5-1e503cca4599&#8243; link_text_color=&#8221;gcid-a13652f3-2793-4cb6-9d99-526eb1549d6a&#8221; header_text_color=&#8221;#fcb02f&#8221; header_5_text_color=&#8221;#fcb02f&#8221; locked=&#8221;off&#8221; global_colors_info=&#8221;{%22gcid-a13652f3-2793-4cb6-9d99-526eb1549d6a%22:%91%22link_text_color%22,%22link_text_color%22,%22link_text_color%22%93}&#8221; link_text_color__hover=&#8221;#FCB02F&#8221; link_text_color__hover_enabled=&#8221;on|hover&#8221;]<\/p>\n<p>El Cementerio , con calle El Degredo, CC Merposur<\/p>\n<p>[\/et_pb_text][\/et_pb_column][et_pb_column type=&#8221;1_2&#8243; _builder_version=&#8221;4.22.0&#8243; _module_preset=&#8221;default&#8221; global_colors_info=&#8221;{}&#8221;][et_pb_text _builder_version=&#8221;4.21.0&#8243; _module_preset=&#8221;08490798-22b6-4d00-917b-0a0fd935c38f&#8221; header_6_text_color=&#8221;#FFFFFF&#8221; custom_margin=&#8221;||0px||false|false&#8221; locked=&#8221;off&#8221; global_colors_info=&#8221;{}&#8221;]<\/p>\n<h6>Services<\/h6>\n<p>[\/et_pb_text][et_pb_text _builder_version=&#8221;4.21.0&#8243; _module_preset=&#8221;351706b6-036f-4ec3-bb21-12b8e66b423f&#8221; link_text_color=&#8221;gcid-a13652f3-2793-4cb6-9d99-526eb1549d6a&#8221; header_text_color=&#8221;#fcb02f&#8221; header_5_text_color=&#8221;#fcb02f&#8221; custom_margin=&#8221;||-6px|||&#8221; link_option_url=&#8221;https:\/\/merposur.com\/index.php\/conocenos\/&#8221; locked=&#8221;off&#8221; global_colors_info=&#8221;{%22gcid-a13652f3-2793-4cb6-9d99-526eb1549d6a%22:%91%22link_text_color%22%93}&#8221; link_text_color__hover=&#8221;#FCB02F&#8221; link_text_color__hover_enabled=&#8221;on|hover&#8221;]<\/p>\n<h5>Conocenos<\/h5>\n<p>[\/et_pb_text][et_pb_text _builder_version=&#8221;4.21.0&#8243; _module_preset=&#8221;351706b6-036f-4ec3-bb21-12b8e66b423f&#8221; link_text_color=&#8221;gcid-a13652f3-2793-4cb6-9d99-526eb1549d6a&#8221; header_text_color=&#8221;#fcb02f&#8221; header_5_text_color=&#8221;#fcb02f&#8221; custom_margin=&#8221;||-3px|||&#8221; custom_padding=&#8221;||0px|||&#8221; link_option_url=&#8221;https:\/\/merposur.com\/index.php\/servicios-2\/&#8221; locked=&#8221;off&#8221; global_colors_info=&#8221;{%22gcid-a13652f3-2793-4cb6-9d99-526eb1549d6a%22:%91%22link_text_color%22%93}&#8221; link_text_color__hover=&#8221;#FCB02F&#8221; link_text_color__hover_enabled=&#8221;on|hover&#8221;]<\/p>\n<h5>Servicios<\/h5>\n<p>[\/et_pb_text][et_pb_text _builder_version=&#8221;4.21.0&#8243; _module_preset=&#8221;351706b6-036f-4ec3-bb21-12b8e66b423f&#8221; link_text_color=&#8221;gcid-a13652f3-2793-4cb6-9d99-526eb1549d6a&#8221; header_text_color=&#8221;#fcb02f&#8221; header_5_text_color=&#8221;#fcb02f&#8221; custom_margin=&#8221;||-3px|||&#8221; custom_padding=&#8221;||0px|||&#8221; link_option_url=&#8221;https:\/\/merposur.com\/index.php\/directorio\/&#8221; locked=&#8221;off&#8221; global_colors_info=&#8221;{%22gcid-a13652f3-2793-4cb6-9d99-526eb1549d6a%22:%91%22link_text_color%22%93}&#8221; link_text_color__hover=&#8221;#FCB02F&#8221; link_text_color__hover_enabled=&#8221;on|hover&#8221;]<\/p>\n<h5>Directorio<\/h5>\n<p>[\/et_pb_text][et_pb_text _builder_version=&#8221;4.21.0&#8243; _module_preset=&#8221;351706b6-036f-4ec3-bb21-12b8e66b423f&#8221; link_text_color=&#8221;gcid-a13652f3-2793-4cb6-9d99-526eb1549d6a&#8221; header_text_color=&#8221;#fcb02f&#8221; header_5_text_color=&#8221;#fcb02f&#8221; custom_margin=&#8221;||-3px|||&#8221; custom_padding=&#8221;||0px|||&#8221; link_option_url=&#8221;https:\/\/merposur.com\/index.php\/contacto\/&#8221; locked=&#8221;off&#8221; global_colors_info=&#8221;{%22gcid-a13652f3-2793-4cb6-9d99-526eb1549d6a%22:%91%22link_text_color%22%93}&#8221; link_text_color__hover=&#8221;#FCB02F&#8221; link_text_color__hover_enabled=&#8221;on|hover&#8221;]<\/p>\n<h5>Contacto<\/h5>\n<p>[\/et_pb_text][et_pb_text _builder_version=&#8221;4.21.0&#8243; _module_preset=&#8221;08490798-22b6-4d00-917b-0a0fd935c38f&#8221; header_6_text_color=&#8221;#FFFFFF&#8221; custom_margin=&#8221;||0px||false|false&#8221; locked=&#8221;off&#8221; global_colors_info=&#8221;{}&#8221;]<\/p>\n<h6>Follow<\/h6>\n<p>[\/et_pb_text][et_pb_social_media_follow _builder_version=&#8221;4.21.0&#8243; _module_preset=&#8221;default&#8221; global_colors_info=&#8221;{}&#8221;][et_pb_social_media_follow_network social_network=&#8221;instagram&#8221; url=&#8221;https:\/\/www.instagram.com\/merposur_vzla\/?hl=fr&#8221; _builder_version=&#8221;4.21.0&#8243; _module_preset=&#8221;default&#8221; background_color=&#8221;#ea2c59&#8243; global_colors_info=&#8221;{}&#8221; follow_button=&#8221;off&#8221; url_new_window=&#8221;on&#8221;]instagram[\/et_pb_social_media_follow_network][et_pb_social_media_follow_network social_network=&#8221;twitter&#8221; url=&#8221;https:\/\/x.com\/merposurv?s=21&#038;t=TOF2aKWAJuTbzK0DEPYZiw&#8221; _builder_version=&#8221;4.21.0&#8243; _module_preset=&#8221;default&#8221; background_color=&#8221;#00aced&#8221; global_colors_info=&#8221;{}&#8221; follow_button=&#8221;off&#8221; url_new_window=&#8221;on&#8221;]twitter[\/et_pb_social_media_follow_network][\/et_pb_social_media_follow][et_pb_text _builder_version=&#8221;4.22.0&#8243; _module_preset=&#8221;08490798-22b6-4d00-917b-0a0fd935c38f&#8221; header_6_text_color=&#8221;gcid-bddc0b07-204a-471f-a9e9-ce834b37b79c&#8221; custom_margin=&#8221;||0px||false|false&#8221; locked=&#8221;off&#8221; global_colors_info=&#8221;{%22gcid-bddc0b07-204a-471f-a9e9-ce834b37b79c%22:%91%22header_6_text_color%22%93}&#8221;]<\/p>\n<h6>Ubicanos<\/h6>\n<p>[\/et_pb_text][et_pb_code _builder_version=&#8221;4.21.0&#8243; _module_preset=&#8221;default&#8221; global_colors_info=&#8221;{}&#8221;]<iframe src=\"https:\/\/www.google.com\/maps\/embed?pb=!1m18!1m12!1m3!1d62771.96763798302!2d-66.9946691513672!3d10.481107499999998!2m3!1f0!2f0!3f0!3m2!1i1024!2i768!4f13.1!3m3!1m2!1s0x8c2a5f390aba02b1%3A0xf522fdc882596f4b!2sMercado%20Merposur!5e0!3m2!1sfr!2sve!4v1695934516619!5m2!1sfr!2sve\" width=\"400\" height=\"300\" style=\"border:0;\" allowfullscreen=\"\" loading=\"lazy\" referrerpolicy=\"no-referrer-when-downgrade\"><\/iframe>[\/et_pb_code][\/et_pb_column][\/et_pb_row][et_pb_row _builder_version=&#8221;4.22.0&#8243; _module_preset=&#8221;default&#8221; custom_margin=&#8221;-28px|auto||auto||&#8221; global_colors_info=&#8221;{}&#8221;][et_pb_column type=&#8221;4_4&#8243; _builder_version=&#8221;4.22.0&#8243; _module_preset=&#8221;default&#8221; global_colors_info=&#8221;{}&#8221;][et_pb_text _builder_version=&#8221;4.21.0&#8243; _dynamic_attributes=&#8221;content&#8221; _module_preset=&#8221;96fbb45f-e573-4d5a-b76f-2050c1881658&#8243; text_orientation=&#8221;center&#8221; global_colors_info=&#8221;{}&#8221;]@ET-DC@eyJkeW5hbWljIjp0cnVlLCJjb250ZW50IjoiY3VycmVudF9kYXRlIiwic2V0dGluZ3MiOnsiYmVmb3JlIjoiTWVycG9zdXIgJmNvcHk7ICIsImFmdGVyIjoiQXJndWluem9uZXMgQ29ycC4gQWxsIFJpZ2h0cyBSZXNlcnZlZC4iLCJkYXRlX2Zvcm1hdCI6ImN1c3RvbSIsImN1c3RvbV9kYXRlX2Zvcm1hdCI6IlkifX0=@[\/et_pb_text][\/et_pb_column][\/et_pb_row][\/et_pb_section]<\/p>\n","protected":false},"excerpt":{"rendered":"<p>PAG\u00cdNA EN MANTENIMIENTO ESTAMOS TRABAJANDO PARA T\u00cdEmailArguinzonescorp@yahoo.comPhone(255) 352-6258DIRECCI\u00d3NEl Cementerio , con calle El Degredo, CC MerposurServicesConocenosServiciosDirectorioContactoFollowUbicanos<\/p>\n","protected":false},"author":1,"featured_media":0,"parent":0,"menu_order":0,"comment_status":"closed","ping_status":"closed","template":"","meta":{"_et_pb_use_builder":"on","_et_pb_old_content":"","_et_gb_content_width":"","footnotes":""},"_links":{"self":[{"href":"https:\/\/merposur.com\/index.php\/wp-json\/wp\/v2\/pages\/280"}],"collection":[{"href":"https:\/\/merposur.com\/index.php\/wp-json\/wp\/v2\/pages"}],"about":[{"href":"https:\/\/merposur.com\/index.php\/wp-json\/wp\/v2\/types\/page"}],"author":[{"embeddable":true,"href":"https:\/\/merposur.com\/index.php\/wp-json\/wp\/v2\/users\/1"}],"replies":[{"embeddable":true,"href":"https:\/\/merposur.com\/index.php\/wp-json\/wp\/v2\/comments?post=280"}],"version-history":[{"count":4,"href":"https:\/\/merposur.com\/index.php\/wp-json\/wp\/v2\/pages\/280\/revisions"}],"predecessor-version":[{"id":314,"href":"https:\/\/merposur.com\/index.php\/wp-json\/wp\/v2\/pages\/280\/revisions\/314"}],"wp:attachment":[{"href":"https:\/\/merposur.com\/index.php\/wp-json\/wp\/v2\/media?parent=280"}],"curies":[{"name":"wp","href":"https:\/\/api.w.org\/{rel}","templated":true}]}}