{"id":127,"date":"2023-09-28T21:09:22","date_gmt":"2023-09-28T21:09:22","guid":{"rendered":"https:\/\/merposur.com\/?page_id=127"},"modified":"2023-10-11T21:35:09","modified_gmt":"2023-10-11T21:35:09","slug":"conocenos","status":"publish","type":"page","link":"https:\/\/merposur.com\/index.php\/conocenos\/","title":{"rendered":"conocenos"},"content":{"rendered":"<p>[et_pb_section fb_built=&#8221;1&#8243; admin_label=&#8221;Header&#8221; _builder_version=&#8221;4.21.0&#8243; _module_preset=&#8221;default&#8221; background_enable_color=&#8221;off&#8221; use_background_color_gradient=&#8221;on&#8221; background_color_gradient_stops=&#8221;rgba(255,255,255,0) 0%|#000000 100%&#8221; background_image=&#8221;https:\/\/merposur.com\/wp-content\/uploads\/2023\/09\/MG_0053-scaled.jpg&#8221; width=&#8221;95.7%&#8221; width_tablet=&#8221;80%&#8221; width_phone=&#8221;80%&#8221; width_last_edited=&#8221;on|tablet&#8221; custom_margin=&#8221;30px|30px|30px|30px|true|true&#8221; custom_padding=&#8221;|||5px||&#8221; module_alignment_tablet=&#8221;center&#8221; module_alignment_phone=&#8221;center&#8221; module_alignment_last_edited=&#8221;on|desktop&#8221; border_radii=&#8221;on|10px|10px|10px|10px&#8221; locked=&#8221;off&#8221; collapsed=&#8221;on&#8221; global_colors_info=&#8221;{%22gcid-a13652f3-2793-4cb6-9d99-526eb1549d6a%22:%91%22background_color%22%93}&#8221;][et_pb_row column_structure=&#8221;2_3,1_3&#8243; _builder_version=&#8221;4.22.0&#8243; _module_preset=&#8221;default&#8221; global_colors_info=&#8221;{}&#8221;][et_pb_column type=&#8221;2_3&#8243; _builder_version=&#8221;4.22.0&#8243; _module_preset=&#8221;default&#8221; global_colors_info=&#8221;{}&#8221;][et_pb_text _builder_version=&#8221;4.22.0&#8243; _module_preset=&#8221;28ad8649-1e3c-45a8-b9e7-69f40b961fe0&#8243; global_colors_info=&#8221;{}&#8221;]<\/p>\n<h4>Career Coach<\/h4>\n<p>[\/et_pb_text][et_pb_text _builder_version=&#8221;4.22.0&#8243; _module_preset=&#8221;13b600b5-b313-4412-90c6-64a614018e31&#8243; header_text_color=&#8221;#FFFFFF&#8221; custom_margin=&#8221;||0px||false|false&#8221; global_colors_info=&#8221;{}&#8221;]<\/p>\n<h1>CONOCENOS!<\/h1>\n<p>[\/et_pb_text][et_pb_text _builder_version=&#8221;4.21.0&#8243; _module_preset=&#8221;6ab71074-daac-4e0f-928e-7c43be7a79c3&#8243; text_text_color=&#8221;#FFFFFF&#8221; header_5_text_color=&#8221;#FFFFFF&#8221; global_colors_info=&#8221;{}&#8221;]<\/p>\n<h5>-En Merposur ofrecemos la m\u00e1s grande variedad de productos nacionales e importados; tenemos la mejor combinaci\u00f3n precio &#8211; calidad, y todos los clientes que nos visitan obtienen una experiencia inigualable por el alto nivel de seguridad en todas nuestras \u00e1reas y sus alrededores, con una excelente atenci\u00f3n de nuestros comerciantes.<\/h5>\n<p>[\/et_pb_text][\/et_pb_column][et_pb_column type=&#8221;1_3&#8243; _builder_version=&#8221;4.22.0&#8243; _module_preset=&#8221;default&#8221; global_colors_info=&#8221;{}&#8221;][et_pb_image src=&#8221;https:\/\/merposur.com\/wp-content\/uploads\/2023\/09\/LOGO-MERPOSUR-3.png&#8221; title_text=&#8221;LOGO MERPOSUR (3)&#8221; _builder_version=&#8221;4.21.0&#8243; _module_preset=&#8221;default&#8221; border_radii=&#8221;on|22px|22px|22px|22px&#8221; global_colors_info=&#8221;{}&#8221;][\/et_pb_image][\/et_pb_column][\/et_pb_row][\/et_pb_section][et_pb_section fb_built=&#8221;1&#8243; admin_label=&#8221;About&#8221; _builder_version=&#8221;4.22.0&#8243; _module_preset=&#8221;default&#8221; collapsed=&#8221;on&#8221; global_colors_info=&#8221;{}&#8221;][et_pb_row column_structure=&#8221;1_2,1_2&#8243; _builder_version=&#8221;4.22.0&#8243; _module_preset=&#8221;default&#8221; global_colors_info=&#8221;{}&#8221;][et_pb_column type=&#8221;1_2&#8243; _builder_version=&#8221;4.22.0&#8243; _module_preset=&#8221;default&#8221; global_colors_info=&#8221;{}&#8221;][et_pb_text _builder_version=&#8221;4.22.0&#8243; _module_preset=&#8221;5234275c-1df1-4268-8912-0a3551d888ec&#8221; global_colors_info=&#8221;{}&#8221;]<\/p>\n<h2>Misi\u00f3n Merposur<\/h2>\n<p>[\/et_pb_text][et_pb_text _builder_version=&#8221;4.22.0&#8243; _module_preset=&#8221;6ab71074-daac-4e0f-928e-7c43be7a79c3&#8243; custom_margin=&#8221;||0px||false|false&#8221; global_colors_info=&#8221;{}&#8221;]<\/p>\n<h5>Lorem ipsum dolor sit amet<\/h5>\n<p>[\/et_pb_text][et_pb_text _builder_version=&#8221;4.22.0&#8243; _module_preset=&#8221;68db9b58-da62-4cf2-8fd6-14b05c19b234&#8243; global_colors_info=&#8221;{}&#8221;]<\/p>\n<p>En Merposur ofrecemos la m\u00e1s grande variedad de productos nacionales e importados; tenemos la mejor combinaci\u00f3n precio &#8211; calidad, y todos los clientes que nos visitan obtienen una experiencia inigualable por el alto nivel de seguridad en todas nuestras \u00e1reas y sus alrededores, con una excelente atenci\u00f3n de nuestros comerciantes.<\/p>\n<p>[\/et_pb_text][et_pb_text _builder_version=&#8221;4.22.0&#8243; _module_preset=&#8221;68db9b58-da62-4cf2-8fd6-14b05c19b234&#8243; custom_margin=&#8221;||27px|||&#8221; global_colors_info=&#8221;{}&#8221;]<\/p>\n<p>-Nuestro eslogan &#8220;Merposur Somos Todos&#8221; resalta la uni\u00f3n de todos los que, orgullosamente, d\u00eda a d\u00eda emprendemos en la moda mayorista del pa\u00eds.<\/p>\n<p>[\/et_pb_text][\/et_pb_column][et_pb_column type=&#8221;1_2&#8243; _builder_version=&#8221;4.21.0&#8243; _module_preset=&#8221;default&#8221; global_colors_info=&#8221;{}&#8221;][et_pb_image src=&#8221;https:\/\/merposur.com\/wp-content\/uploads\/2023\/09\/MG_0113-scaled.jpg&#8221; title_text=&#8221;_MG_0113&#8243; align=&#8221;center&#8221; _builder_version=&#8221;4.21.0&#8243; _module_preset=&#8221;default&#8221; width=&#8221;59%&#8221; border_radii=&#8221;on|26px|26px|26px|26px&#8221; global_colors_info=&#8221;{}&#8221;][\/et_pb_image][\/et_pb_column][\/et_pb_row][\/et_pb_section][et_pb_section fb_built=&#8221;1&#8243; admin_label=&#8221;Call to Action&#8221; _builder_version=&#8221;4.22.0&#8243; _module_preset=&#8221;default&#8221; background_color=&#8221;gcid-fc7b31e8-94d8-4560-b647-c33fa43cc805&#8243; width=&#8221;95.8%&#8221; width_tablet=&#8221;80%&#8221; width_phone=&#8221;80%&#8221; width_last_edited=&#8221;on|tablet&#8221; custom_margin=&#8221;30px|29px|30px|29px|true|true&#8221; custom_padding=&#8221;|||8px||&#8221; module_alignment_tablet=&#8221;center&#8221; module_alignment_phone=&#8221;center&#8221; module_alignment_last_edited=&#8221;on|desktop&#8221; border_radii=&#8221;on|10px|10px|10px|10px&#8221; locked=&#8221;off&#8221; collapsed=&#8221;on&#8221; global_colors_info=&#8221;{%22gcid-fc7b31e8-94d8-4560-b647-c33fa43cc805%22:%91%22background_color%22%93}&#8221;][et_pb_row column_structure=&#8221;1_2,1_2&#8243; _builder_version=&#8221;4.22.0&#8243; _module_preset=&#8221;default&#8221; global_colors_info=&#8221;{}&#8221;][et_pb_column type=&#8221;1_2&#8243; _builder_version=&#8221;4.22.0&#8243; _module_preset=&#8221;default&#8221; global_colors_info=&#8221;{}&#8221;][et_pb_image src=&#8221;https:\/\/merposur.com\/wp-content\/uploads\/2023\/09\/MG_0087-scaled.jpg&#8221; title_text=&#8221;_MG_0087&#8243; align=&#8221;center&#8221; _builder_version=&#8221;4.21.0&#8243; _module_preset=&#8221;default&#8221; width=&#8221;59%&#8221; border_radii=&#8221;on|26px|26px|26px|26px&#8221; global_colors_info=&#8221;{}&#8221;][\/et_pb_image][\/et_pb_column][et_pb_column type=&#8221;1_2&#8243; _builder_version=&#8221;4.22.0&#8243; _module_preset=&#8221;default&#8221; global_colors_info=&#8221;{}&#8221;][et_pb_text _builder_version=&#8221;4.22.0&#8243; _module_preset=&#8221;5234275c-1df1-4268-8912-0a3551d888ec&#8221; custom_margin=&#8221;||10px||false|false&#8221; global_colors_info=&#8221;{}&#8221;]<\/p>\n<h2>Visi\u00f3n<\/h2>\n<p>[\/et_pb_text][et_pb_text _builder_version=&#8221;4.22.0&#8243; _module_preset=&#8221;68db9b58-da62-4cf2-8fd6-14b05c19b234&#8243; global_colors_info=&#8221;{}&#8221;]<\/p>\n<p>Con m\u00e1s de veinte a\u00f1os de evoluci\u00f3n y experiencia comercial en moda mayorista, Merposur es l\u00edder en tendencias, convirti\u00e9ndolo en el centro mayorista preferido de todos los venezolanos; su amplia variedad en todos los productos y la seguridad que presta en sus instalaciones facilita el crecimiento y rentabilidad de todos sus comerciantes.<\/p>\n<p>[\/et_pb_text][\/et_pb_column][\/et_pb_row][\/et_pb_section][et_pb_section fb_built=&#8221;1&#8243; admin_label=&#8221;Footer&#8221; _builder_version=&#8221;4.21.0&#8243; _module_preset=&#8221;default&#8221; background_color=&#8221;#000000&#8243; min_height=&#8221;481.6px&#8221; custom_padding=&#8221;||0px|||&#8221; saved_tabs=&#8221;all&#8221; locked=&#8221;off&#8221; collapsed=&#8221;on&#8221; global_colors_info=&#8221;{}&#8221;][et_pb_row column_structure=&#8221;1_2,1_2&#8243; _builder_version=&#8221;4.22.0&#8243; _module_preset=&#8221;default&#8221; global_colors_info=&#8221;{}&#8221;][et_pb_column type=&#8221;1_2&#8243; _builder_version=&#8221;4.22.0&#8243; _module_preset=&#8221;default&#8221; global_colors_info=&#8221;{}&#8221;][et_pb_image src=&#8221;https:\/\/merposur.com\/wp-content\/uploads\/2023\/09\/LOGO-MERPOSUR-4.png&#8221; title_text=&#8221;LOGO MERPOSUR (4)&#8221; _builder_version=&#8221;4.21.0&#8243; _module_preset=&#8221;default&#8221; width=&#8221;40%&#8221; global_colors_info=&#8221;{}&#8221;][\/et_pb_image][et_pb_text _builder_version=&#8221;4.21.0&#8243; _module_preset=&#8221;08490798-22b6-4d00-917b-0a0fd935c38f&#8221; text_text_color=&#8221;#FFFFFF&#8221; header_6_text_color=&#8221;#FFFFFF&#8221; custom_margin=&#8221;||0px||false|false&#8221; global_colors_info=&#8221;{}&#8221;]<\/p>\n<h6>Email<\/h6>\n<p>[\/et_pb_text][et_pb_text _builder_version=&#8221;4.21.0&#8243; _module_preset=&#8221;351706b6-036f-4ec3-bb21-12b8e66b423f&#8221; link_text_color=&#8221;gcid-a13652f3-2793-4cb6-9d99-526eb1549d6a&#8221; header_text_color=&#8221;#fcb02f&#8221; header_5_text_color=&#8221;#fcb02f&#8221; hover_enabled=&#8221;0&#8243; global_colors_info=&#8221;{%22gcid-a13652f3-2793-4cb6-9d99-526eb1549d6a%22:%91%22link_text_color%22%93}&#8221; sticky_enabled=&#8221;0&#8243;]<\/p>\n<h5>Marketing@merposur.com<\/h5>\n<p>[\/et_pb_text][et_pb_text _builder_version=&#8221;4.21.0&#8243; _module_preset=&#8221;08490798-22b6-4d00-917b-0a0fd935c38f&#8221; header_6_text_color=&#8221;#FFFFFF&#8221; custom_margin=&#8221;||0px||false|false&#8221; hover_enabled=&#8221;0&#8243; global_colors_info=&#8221;{}&#8221; sticky_enabled=&#8221;0&#8243;]<\/p>\n<h6>Phone<\/h6>\n<p>[\/et_pb_text][et_pb_text _builder_version=&#8221;4.21.0&#8243; _module_preset=&#8221;be95d0b1-45ff-4680-93b5-1e503cca4599&#8243; text_text_color=&#8221;gcid-a13652f3-2793-4cb6-9d99-526eb1549d6a&#8221; link_text_color=&#8221;gcid-a13652f3-2793-4cb6-9d99-526eb1549d6a&#8221; hover_enabled=&#8221;0&#8243; global_colors_info=&#8221;{%22gcid-a13652f3-2793-4cb6-9d99-526eb1549d6a%22:%91%22link_text_color%22,%22text_text_color%22%93}&#8221; sticky_enabled=&#8221;0&#8243;]<\/p>\n<p>0212-6334443<\/p>\n<p>[\/et_pb_text][et_pb_text _builder_version=&#8221;4.21.0&#8243; _module_preset=&#8221;08490798-22b6-4d00-917b-0a0fd935c38f&#8221; link_text_color=&#8221;gcid-a13652f3-2793-4cb6-9d99-526eb1549d6a&#8221; header_text_color=&#8221;#fcb02f&#8221; header_5_text_color=&#8221;#fcb02f&#8221; header_6_text_color=&#8221;#FFFFFF&#8221; custom_margin=&#8221;||-3px|||&#8221; custom_padding=&#8221;||0px|||&#8221; global_colors_info=&#8221;{%22gcid-a13652f3-2793-4cb6-9d99-526eb1549d6a%22:%91%22link_text_color%22%93}&#8221; link_text_color__hover=&#8221;#FCB02F&#8221; link_text_color__hover_enabled=&#8221;on|hover&#8221;]<\/p>\n<h6>DIRECCI\u00d3N<\/h6>\n<p>[\/et_pb_text][et_pb_text _builder_version=&#8221;4.21.0&#8243; _module_preset=&#8221;be95d0b1-45ff-4680-93b5-1e503cca4599&#8243; link_text_color=&#8221;gcid-a13652f3-2793-4cb6-9d99-526eb1549d6a&#8221; header_text_color=&#8221;#fcb02f&#8221; header_5_text_color=&#8221;#fcb02f&#8221; locked=&#8221;off&#8221; global_colors_info=&#8221;{%22gcid-a13652f3-2793-4cb6-9d99-526eb1549d6a%22:%91%22link_text_color%22,%22link_text_color%22,%22link_text_color%22%93}&#8221; link_text_color__hover=&#8221;#FCB02F&#8221; link_text_color__hover_enabled=&#8221;on|hover&#8221;]<\/p>\n<p>El Cementerio , con calle El Degredo, CC Merposur<\/p>\n<p>[\/et_pb_text][\/et_pb_column][et_pb_column type=&#8221;1_2&#8243; _builder_version=&#8221;4.22.0&#8243; _module_preset=&#8221;default&#8221; global_colors_info=&#8221;{}&#8221;][et_pb_text _builder_version=&#8221;4.21.0&#8243; _module_preset=&#8221;08490798-22b6-4d00-917b-0a0fd935c38f&#8221; header_6_text_color=&#8221;#FFFFFF&#8221; custom_margin=&#8221;||0px||false|false&#8221; locked=&#8221;off&#8221; global_colors_info=&#8221;{}&#8221;]<\/p>\n<h6>Services<\/h6>\n<p>[\/et_pb_text][et_pb_text _builder_version=&#8221;4.21.0&#8243; _module_preset=&#8221;351706b6-036f-4ec3-bb21-12b8e66b423f&#8221; link_text_color=&#8221;gcid-a13652f3-2793-4cb6-9d99-526eb1549d6a&#8221; header_text_color=&#8221;#fcb02f&#8221; header_5_text_color=&#8221;#fcb02f&#8221; custom_margin=&#8221;||-6px|||&#8221; link_option_url=&#8221;https:\/\/merposur.com\/index.php\/conocenos\/&#8221; locked=&#8221;off&#8221; global_colors_info=&#8221;{%22gcid-a13652f3-2793-4cb6-9d99-526eb1549d6a%22:%91%22link_text_color%22%93}&#8221; link_text_color__hover=&#8221;#FCB02F&#8221; link_text_color__hover_enabled=&#8221;on|hover&#8221;]<\/p>\n<h5>Conocenos<\/h5>\n<p>[\/et_pb_text][et_pb_text _builder_version=&#8221;4.21.0&#8243; _module_preset=&#8221;351706b6-036f-4ec3-bb21-12b8e66b423f&#8221; link_text_color=&#8221;gcid-a13652f3-2793-4cb6-9d99-526eb1549d6a&#8221; header_text_color=&#8221;#fcb02f&#8221; header_5_text_color=&#8221;#fcb02f&#8221; custom_margin=&#8221;||-3px|||&#8221; custom_padding=&#8221;||0px|||&#8221; link_option_url=&#8221;https:\/\/merposur.com\/index.php\/servicios-2\/&#8221; locked=&#8221;off&#8221; global_colors_info=&#8221;{%22gcid-a13652f3-2793-4cb6-9d99-526eb1549d6a%22:%91%22link_text_color%22%93}&#8221; link_text_color__hover=&#8221;#FCB02F&#8221; link_text_color__hover_enabled=&#8221;on|hover&#8221;]<\/p>\n<h5>Servicios<\/h5>\n<p>[\/et_pb_text][et_pb_text _builder_version=&#8221;4.21.0&#8243; _module_preset=&#8221;351706b6-036f-4ec3-bb21-12b8e66b423f&#8221; link_text_color=&#8221;gcid-a13652f3-2793-4cb6-9d99-526eb1549d6a&#8221; header_text_color=&#8221;#fcb02f&#8221; header_5_text_color=&#8221;#fcb02f&#8221; custom_margin=&#8221;||-3px|||&#8221; custom_padding=&#8221;||0px|||&#8221; link_option_url=&#8221;https:\/\/merposur.com\/index.php\/directorio\/&#8221; locked=&#8221;off&#8221; global_colors_info=&#8221;{%22gcid-a13652f3-2793-4cb6-9d99-526eb1549d6a%22:%91%22link_text_color%22%93}&#8221; link_text_color__hover=&#8221;#FCB02F&#8221; link_text_color__hover_enabled=&#8221;on|hover&#8221;]<\/p>\n<h5>Directorio<\/h5>\n<p>[\/et_pb_text][et_pb_text _builder_version=&#8221;4.21.0&#8243; _module_preset=&#8221;351706b6-036f-4ec3-bb21-12b8e66b423f&#8221; link_text_color=&#8221;gcid-a13652f3-2793-4cb6-9d99-526eb1549d6a&#8221; header_text_color=&#8221;#fcb02f&#8221; header_5_text_color=&#8221;#fcb02f&#8221; custom_margin=&#8221;||-3px|||&#8221; custom_padding=&#8221;||0px|||&#8221; link_option_url=&#8221;https:\/\/merposur.com\/index.php\/contacto\/&#8221; locked=&#8221;off&#8221; global_colors_info=&#8221;{%22gcid-a13652f3-2793-4cb6-9d99-526eb1549d6a%22:%91%22link_text_color%22%93}&#8221; link_text_color__hover=&#8221;#FCB02F&#8221; link_text_color__hover_enabled=&#8221;on|hover&#8221;]<\/p>\n<h5>Contacto<\/h5>\n<p>[\/et_pb_text][et_pb_text _builder_version=&#8221;4.21.0&#8243; _module_preset=&#8221;08490798-22b6-4d00-917b-0a0fd935c38f&#8221; header_6_text_color=&#8221;#FFFFFF&#8221; custom_margin=&#8221;||0px||false|false&#8221; locked=&#8221;off&#8221; global_colors_info=&#8221;{}&#8221;]<\/p>\n<h6>Follow<\/h6>\n<p>[\/et_pb_text][et_pb_social_media_follow _builder_version=&#8221;4.21.0&#8243; _module_preset=&#8221;default&#8221; global_colors_info=&#8221;{}&#8221;][et_pb_social_media_follow_network social_network=&#8221;instagram&#8221; url=&#8221;https:\/\/www.instagram.com\/merposur_vzla\/?hl=fr&#8221; _builder_version=&#8221;4.21.0&#8243; _module_preset=&#8221;default&#8221; background_color=&#8221;#ea2c59&#8243; global_colors_info=&#8221;{}&#8221; follow_button=&#8221;off&#8221; url_new_window=&#8221;on&#8221;]instagram[\/et_pb_social_media_follow_network][et_pb_social_media_follow_network social_network=&#8221;twitter&#8221; url=&#8221;https:\/\/x.com\/merposurv?s=21&#038;t=TOF2aKWAJuTbzK0DEPYZiw&#8221; _builder_version=&#8221;4.21.0&#8243; _module_preset=&#8221;default&#8221; background_color=&#8221;#00aced&#8221; global_colors_info=&#8221;{}&#8221; follow_button=&#8221;off&#8221; url_new_window=&#8221;on&#8221;]twitter[\/et_pb_social_media_follow_network][\/et_pb_social_media_follow][et_pb_text _builder_version=&#8221;4.22.0&#8243; _module_preset=&#8221;08490798-22b6-4d00-917b-0a0fd935c38f&#8221; header_6_text_color=&#8221;gcid-bddc0b07-204a-471f-a9e9-ce834b37b79c&#8221; custom_margin=&#8221;||0px||false|false&#8221; locked=&#8221;off&#8221; global_colors_info=&#8221;{%22gcid-bddc0b07-204a-471f-a9e9-ce834b37b79c%22:%91%22header_6_text_color%22%93}&#8221;]<\/p>\n<h6>Ubicanos<\/h6>\n<p>[\/et_pb_text][et_pb_code _builder_version=&#8221;4.21.0&#8243; _module_preset=&#8221;default&#8221; global_colors_info=&#8221;{}&#8221;]<iframe src=\"https:\/\/www.google.com\/maps\/embed?pb=!1m18!1m12!1m3!1d62771.96763798302!2d-66.9946691513672!3d10.481107499999998!2m3!1f0!2f0!3f0!3m2!1i1024!2i768!4f13.1!3m3!1m2!1s0x8c2a5f390aba02b1%3A0xf522fdc882596f4b!2sMercado%20Merposur!5e0!3m2!1sfr!2sve!4v1695934516619!5m2!1sfr!2sve\" width=\"400\" height=\"300\" style=\"border:0;\" allowfullscreen=\"\" loading=\"lazy\" referrerpolicy=\"no-referrer-when-downgrade\"><\/iframe>[\/et_pb_code][\/et_pb_column][\/et_pb_row][et_pb_row _builder_version=&#8221;4.22.0&#8243; _module_preset=&#8221;default&#8221; custom_margin=&#8221;-28px|auto||auto||&#8221; global_colors_info=&#8221;{}&#8221;][et_pb_column type=&#8221;4_4&#8243; _builder_version=&#8221;4.22.0&#8243; _module_preset=&#8221;default&#8221; global_colors_info=&#8221;{}&#8221;][et_pb_text _builder_version=&#8221;4.21.0&#8243; _dynamic_attributes=&#8221;content&#8221; _module_preset=&#8221;96fbb45f-e573-4d5a-b76f-2050c1881658&#8243; text_orientation=&#8221;center&#8221; global_colors_info=&#8221;{}&#8221;]@ET-DC@eyJkeW5hbWljIjp0cnVlLCJjb250ZW50IjoiY3VycmVudF9kYXRlIiwic2V0dGluZ3MiOnsiYmVmb3JlIjoiTWVycG9zdXIgJmNvcHk7ICIsImFmdGVyIjoiQXJndWluem9uZXMgQ29ycC4gQWxsIFJpZ2h0cyBSZXNlcnZlZC4iLCJkYXRlX2Zvcm1hdCI6ImN1c3RvbSIsImN1c3RvbV9kYXRlX2Zvcm1hdCI6IlkifX0=@[\/et_pb_text][\/et_pb_column][\/et_pb_row][\/et_pb_section]<\/p>\n","protected":false},"excerpt":{"rendered":"<p>Career CoachCONOCENOS!-En Merposur ofrecemos la m\u00e1s grande variedad de productos nacionales e importados; tenemos la mejor combinaci\u00f3n precio &#8211; calidad, y todos los clientes que nos visitan obtienen una experiencia inigualable por el alto nivel de seguridad en todas nuestras \u00e1reas y sus alrededores, con una excelente atenci\u00f3n de nuestros comerciantes.Misi\u00f3n MerposurLorem ipsum dolor sit [&hellip;]<\/p>\n","protected":false},"author":1,"featured_media":0,"parent":0,"menu_order":0,"comment_status":"closed","ping_status":"closed","template":"","meta":{"_et_pb_use_builder":"on","_et_pb_old_content":"","_et_gb_content_width":"","footnotes":""},"_links":{"self":[{"href":"https:\/\/merposur.com\/index.php\/wp-json\/wp\/v2\/pages\/127"}],"collection":[{"href":"https:\/\/merposur.com\/index.php\/wp-json\/wp\/v2\/pages"}],"about":[{"href":"https:\/\/merposur.com\/index.php\/wp-json\/wp\/v2\/types\/page"}],"author":[{"embeddable":true,"href":"https:\/\/merposur.com\/index.php\/wp-json\/wp\/v2\/users\/1"}],"replies":[{"embeddable":true,"href":"https:\/\/merposur.com\/index.php\/wp-json\/wp\/v2\/comments?post=127"}],"version-history":[{"count":12,"href":"https:\/\/merposur.com\/index.php\/wp-json\/wp\/v2\/pages\/127\/revisions"}],"predecessor-version":[{"id":356,"href":"https:\/\/merposur.com\/index.php\/wp-json\/wp\/v2\/pages\/127\/revisions\/356"}],"wp:attachment":[{"href":"https:\/\/merposur.com\/index.php\/wp-json\/wp\/v2\/media?parent=127"}],"curies":[{"name":"wp","href":"https:\/\/api.w.org\/{rel}","templated":true}]}}